{"id":158,"date":"2021-06-15T12:46:53","date_gmt":"2021-06-15T12:46:53","guid":{"rendered":"http:\/\/www.sarscov2-austria.org\/developmentsite\/?page_id=158"},"modified":"2021-08-06T10:52:35","modified_gmt":"2021-08-06T10:52:35","slug":"nextstrain-austria_at","status":"publish","type":"page","link":"https:\/\/www.sarscov2-austria.org\/cemm\/de\/nextstrain-austria_at\/","title":{"rendered":"CeMM &#8211; Nextstrain Austria"},"content":{"rendered":"\n<div class=\"wp-block-cover has-background-dim\" style=\"background-image:url(http:\/\/www.sarscov2-austria.org\/developmentsite\/wp-content\/uploads\/sites\/2\/2021\/06\/Asset-3.png);min-height:250px;aspect-ratio:unset;\"><div class=\"wp-block-cover__inner-container is-layout-flow wp-block-cover-is-layout-flow\">\n<p class=\"has-text-align-center has-large-font-size\"><a href=\"https:\/\/nextstrain.org\/community\/bergthalerlab\/NextstrainAustria\/AllVariants\" target=\"_blank\" rel=\"noreferrer noopener\"><strong>Nextstrain Austria<\/strong><\/a><\/p>\n<\/div><\/div>\n\n\n\n<p class=\"has-text-align-center has-small-font-size\"><em>\u2013 Credits: \u00a9 B.R. Malhotra \/ CeMM<\/em><\/p>\n\n\n<style>.wp-block-kadence-spacer.kt-block-spacer-_cee510-7b .kt-block-spacer{height:60px;}.wp-block-kadence-spacer.kt-block-spacer-_cee510-7b .kt-divider{border-top-width:1px;height:1px;border-top-color:#eee;width:80%;border-top-style:solid;}<\/style>\n<div class=\"wp-block-kadence-spacer aligncenter kt-block-spacer-_cee510-7b\"><div class=\"kt-block-spacer kt-block-spacer-halign-center\" style=\"height:60px\"><hr class=\"kt-divider\" style=\"border-top-color:#eee;border-top-width:1px;width:80%;border-top-style:solid\"\/><\/div><\/div>\n\n\n\n<div class=\"wp-block-columns is-layout-flex wp-container-core-columns-is-layout-9d6595d7 wp-block-columns-is-layout-flex\">\n<div class=\"wp-block-column is-layout-flow wp-block-column-is-layout-flow\"><\/div>\n<\/div>\n\n\n\n<div class=\"wp-block-columns are-vertically-aligned-center is-layout-flex wp-container-core-columns-is-layout-9d6595d7 wp-block-columns-is-layout-flex\">\n<div class=\"wp-block-column is-vertically-aligned-center is-layout-flow wp-block-column-is-layout-flow\" style=\"flex-basis:33.34%\">\n<p>Nextstrain Austria bietet eine interaktive Oberfl\u00e4che f\u00fcr die Darstellung viraler Sequenzen von SARS-CoV-2-F\u00e4llen in \u00d6sterreich im Kontext weltweiter Transmission. Verfolgen Sie die phylogenetischen Beziehungen, Mutationsmuster und m\u00f6gliche Infektionsketten \u00fcber einzelne Infektionsf\u00e4lle und L\u00e4nder hinweg.<\/p>\n\n\n<style>.wp-block-kadence-spacer.kt-block-spacer-_ec0e46-c4 .kt-block-spacer{height:60px;}.wp-block-kadence-spacer.kt-block-spacer-_ec0e46-c4 .kt-divider{border-top-width:1px;height:1px;border-top-color:#eee;width:80%;border-top-style:solid;}<\/style>\n<div class=\"wp-block-kadence-spacer aligncenter kt-block-spacer-_ec0e46-c4\"><div class=\"kt-block-spacer kt-block-spacer-halign-center\" style=\"height:60px\"><hr class=\"kt-divider\" style=\"border-top-color:#eee;border-top-width:1px;width:80%;border-top-style:solid\"\/><\/div><\/div>\n\n\n\n<p class=\"has-text-align-center\"><a rel=\"noreferrer noopener\" href=\"https:\/\/nextstrain.org\/community\/bergthalerlab\/NextstrainAustria\/AllVariants\" target=\"_blank\">Klicken Sie hier, um zur Hauptseite der  Nextstrain Austria Datenbank zu gelangen.<\/a><\/p>\n\n\n<style>.wp-block-kadence-spacer.kt-block-spacer-_c45ffc-d3 .kt-block-spacer{height:60px;}.wp-block-kadence-spacer.kt-block-spacer-_c45ffc-d3 .kt-divider{border-top-width:1px;height:1px;border-top-color:#eee;width:80%;border-top-style:solid;}<\/style>\n<div class=\"wp-block-kadence-spacer aligncenter kt-block-spacer-_c45ffc-d3\"><div class=\"kt-block-spacer kt-block-spacer-halign-center\" style=\"height:60px\"><hr class=\"kt-divider\" style=\"border-top-color:#eee;border-top-width:1px;width:80%;border-top-style:solid\"\/><\/div><\/div>\n\n\n\n<p>Zus\u00e4tzlich verf\u00fcgbare Datens\u00e4tze: <\/p>\n\n\n<style>.wp-block-kadence-iconlist.kt-svg-icon-list-items_f027e4-cf:not(.this-stops-third-party-issues){margin-top:0px;margin-bottom:0px;}.wp-block-kadence-iconlist.kt-svg-icon-list-items_f027e4-cf ul.kt-svg-icon-list:not(.this-prevents-issues):not(.this-stops-third-party-issues):not(.tijsloc){margin-top:0px;margin-right:0px;margin-bottom:var(--global-kb-spacing-sm, 1.5rem);margin-left:0px;}.wp-block-kadence-iconlist.kt-svg-icon-list-items_f027e4-cf ul.kt-svg-icon-list{grid-row-gap:5px;}.wp-block-kadence-iconlist.kt-svg-icon-list-items_f027e4-cf ul.kt-svg-icon-list .kt-svg-icon-list-item-wrap .kt-svg-icon-list-single{margin-right:10px;}.kt-svg-icon-list-items_f027e4-cf ul.kt-svg-icon-list .kt-svg-icon-list-level-0 .kt-svg-icon-list-single svg{font-size:20px;}<\/style>\n<div class=\"wp-block-kadence-iconlist kt-svg-icon-list-items kt-svg-icon-list-items_f027e4-cf kt-svg-icon-list-columns-1 alignnone\"><ul class=\"kt-svg-icon-list\"><li class=\"kt-svg-icon-list-style-default kt-svg-icon-list-item-wrap kt-svg-icon-list-item-0\"><div style=\"display:inline-flex;justify-content:center;align-items:center\" class=\"kt-svg-icon-list-single kt-svg-icon-list-single-fe_airplay\"><svg style=\"display:inline-block;vertical-align:middle\" viewbox=\"0 0 24 24\" height=\"20\" width=\"20\" fill=\"none\" stroke=\"currentColor\" xmlns=\"http:\/\/www.w3.org\/2000\/svg\" stroke-width=\"2\" stroke-linecap=\"round\" stroke-linejoin=\"round\"><path d=\"M5 17H4a2 2 0 0 1-2-2V5a2 2 0 0 1 2-2h16a2 2 0 0 1 2 2v10a2 2 0 0 1-2 2h-1\"><\/path><polygon points=\"12 15 17 21 7 21 12 15\"><\/polygon><\/svg><\/div><span class=\"kt-svg-icon-list-text\"><a href=\"https:\/\/nextstrain.org\/community\/bergthalerlab\/NextstrainAustria\/Delta\" target=\"_blank\" rel=\"noreferrer noopener\">Delta<\/a><\/span><\/li><\/ul><\/div>\n<\/div>\n\n\n\n<div class=\"wp-block-column is-vertically-aligned-center is-layout-flow wp-block-column-is-layout-flow\" style=\"flex-basis:66.66%\">\n<figure class=\"wp-block-embed-youtube wp-block-embed is-type-video is-provider-youtube wp-embed-aspect-16-9 wp-has-aspect-ratio\"><div class=\"wp-block-embed__wrapper\">\n<iframe loading=\"lazy\" title=\"NextstrainAustria Tutorial: Der Pandemie auf der Spur mit NextstrainAustria\" width=\"500\" height=\"281\" src=\"https:\/\/www.youtube.com\/embed\/fOr1gyQpnbE?feature=oembed\" frameborder=\"0\" allow=\"accelerometer; autoplay; clipboard-write; encrypted-media; gyroscope; picture-in-picture; web-share\" referrerpolicy=\"strict-origin-when-cross-origin\" allowfullscreen><\/iframe>\n<\/div><\/figure>\n<\/div>\n<\/div>\n\n\n<style>.wp-block-kadence-spacer.kt-block-spacer-_439f7f-41 .kt-block-spacer{height:60px;}.wp-block-kadence-spacer.kt-block-spacer-_439f7f-41 .kt-divider{border-top-width:1px;height:1px;border-top-color:#eee;width:80%;border-top-style:solid;}<\/style>\n<div class=\"wp-block-kadence-spacer aligncenter kt-block-spacer-_439f7f-41\"><div class=\"kt-block-spacer kt-block-spacer-halign-center\" style=\"height:60px\"><hr class=\"kt-divider\" style=\"border-top-color:#eee;border-top-width:1px;width:80%;border-top-style:solid\"\/><\/div><\/div>\n\n\n<style>.kb-gallery-id-_6be8ad-6c.kb-gallery-ul.kb-gallery-type-fluidcarousel .kt-blocks-carousel figure .kb-gal-image-radius, .kb-gallery-id-_6be8ad-6c.kb-gallery-ul.kb-gallery-type-fluidcarousel .kt-blocks-carousel figure .kb-gal-image-radius img{height:300px;}.kb-gallery-id-_6be8ad-6c .kadence-blocks-gallery-item .kb-gal-image-radius, .kb-gallery-id-_6be8ad-6c .kb-slide-item .kb-gal-image-radius img{border-radius:0px 0px 0px 0px;;}.wp-block-kadence-advancedgallery.kb-gallery-wrap-id-_6be8ad-6c{overflow:visible;}.kb-gallery-id-_6be8ad-6c .kadence-blocks-gallery-item .kb-gal-image-radius, .kb-gallery-id-_6be8ad-6c .kadence-blocks-gallery-thumb-item .kb-gal-image-radius{box-shadow:4px 4px 10px 0px rgba(0, 0, 0, 0.2);}.kb-gallery-id-_6be8ad-6c .kadence-blocks-gallery-item:hover .kb-gal-image-radius, .kb-gallery-id-_6be8ad-6c .kadence-blocks-gallery-thumb-item:hover .kb-gal-image-radius{box-shadow:4px 2px 14px 0px rgba(0, 0, 0, 0.2);}.kb-gallery-wrap-id-_6be8ad-6c.wp-block-kadence-advancedgallery{overflow:visible;}.kb-gallery-wrap-id-_6be8ad-6c.wp-block-kadence-advancedgallery .kt-blocks-carousel{overflow:visible;max-width:100%;}<\/style><div class=\"kb-gallery-wrap-id-_6be8ad-6c alignnone wp-block-kadence-advancedgallery\"><div class=\"kb-gallery-ul kb-gallery-non-static kb-gallery-type-fluidcarousel kb-gallery-id-_6be8ad-6c kb-gallery-caption-style-bottom-hover kb-gallery-filter-none\" data-image-filter=\"none\" data-lightbox-caption=\"true\"><div class=\"kt-blocks-carousel splide kt-carousel-container-dotstyle-dark kt-carousel-arrowstyle-whiteondark kt-carousel-dotstyle-dark kb-slider-group-arrow kb-slider-arrow-position-center\" data-slider-anim-speed=\"600\" data-slider-scroll=\"1\" data-slider-arrows=\"true\" data-slider-dots=\"true\" data-slider-hover-pause=\"false\" data-slider-auto=\"\" data-slider-speed=\"7000\" data-slider-type=\"fluidcarousel\" data-slider-center-mode=\"true\" data-slider-gap=\"30px\" data-slider-gap-tablet=\"30px\" data-slider-gap-mobile=\"30px\" data-show-pause-button=\"false\"><div class=\"splide__track\"><ul class=\"kt-blocks-carousel-init kb-blocks-fluid-carousel splide__list\"><li class=\"kb-slide-item kb-gallery-carousel-item splide__slide\"><div class=\"kadence-blocks-gallery-item\"><div class=\"kadence-blocks-gallery-item-inner\"><figure class=\"kb-gallery-figure kadence-blocks-gallery-item-hide-caption\"><div class=\"kb-gal-image-radius\"><div class=\"kb-gallery-image-contain\" ><img loading=\"lazy\" decoding=\"async\" src=\"https:\/\/www.sarscov2-austria.org\/developmentsite\/wp-content\/uploads\/sites\/2\/2021\/07\/Capture-1536x884.png\" width=\"1536\" height=\"884\" alt=\"\" data-full-image=\"https:\/\/www.sarscov2-austria.org\/developmentsite\/wp-content\/uploads\/sites\/2\/2021\/07\/Capture.png\" data-light-image=\"https:\/\/www.sarscov2-austria.org\/developmentsite\/wp-content\/uploads\/sites\/2\/2021\/07\/Capture.png\" data-id=\"808\" class=\"wp-image-808 skip-lazy\" srcset=\"https:\/\/www.sarscov2-austria.org\/cemm\/wp-content\/uploads\/sites\/2\/2021\/07\/Capture-1536x884.png 1536w, https:\/\/www.sarscov2-austria.org\/cemm\/wp-content\/uploads\/sites\/2\/2021\/07\/Capture-300x173.png 300w, https:\/\/www.sarscov2-austria.org\/cemm\/wp-content\/uploads\/sites\/2\/2021\/07\/Capture-1024x589.png 1024w, https:\/\/www.sarscov2-austria.org\/cemm\/wp-content\/uploads\/sites\/2\/2021\/07\/Capture-768x442.png 768w, https:\/\/www.sarscov2-austria.org\/cemm\/wp-content\/uploads\/sites\/2\/2021\/07\/Capture.png 1893w\" sizes=\"auto, (max-width: 1536px) 100vw, 1536px\" \/><\/div><\/div><\/figure><\/div><\/div><\/li><li class=\"kb-slide-item kb-gallery-carousel-item splide__slide\"><div class=\"kadence-blocks-gallery-item\"><div class=\"kadence-blocks-gallery-item-inner\"><figure class=\"kb-gallery-figure kadence-blocks-gallery-item-hide-caption\"><div class=\"kb-gal-image-radius\"><div class=\"kb-gallery-image-contain\" ><img loading=\"lazy\" decoding=\"async\" src=\"https:\/\/www.sarscov2-austria.org\/developmentsite\/wp-content\/uploads\/sites\/2\/2021\/07\/Tree.png\" width=\"767\" height=\"595\" alt=\"\" data-full-image=\"https:\/\/www.sarscov2-austria.org\/developmentsite\/wp-content\/uploads\/sites\/2\/2021\/07\/Tree.png\" data-light-image=\"https:\/\/www.sarscov2-austria.org\/developmentsite\/wp-content\/uploads\/sites\/2\/2021\/07\/Tree.png\" data-id=\"805\" class=\"wp-image-805 skip-lazy\" srcset=\"https:\/\/www.sarscov2-austria.org\/cemm\/wp-content\/uploads\/sites\/2\/2021\/07\/Tree.png 767w, https:\/\/www.sarscov2-austria.org\/cemm\/wp-content\/uploads\/sites\/2\/2021\/07\/Tree-300x233.png 300w\" sizes=\"auto, (max-width: 767px) 100vw, 767px\" \/><\/div><\/div><\/figure><\/div><\/div><\/li><li class=\"kb-slide-item kb-gallery-carousel-item splide__slide\"><div class=\"kadence-blocks-gallery-item\"><div class=\"kadence-blocks-gallery-item-inner\"><figure class=\"kb-gallery-figure kadence-blocks-gallery-item-hide-caption\"><div class=\"kb-gal-image-radius\"><div class=\"kb-gallery-image-contain\" ><img loading=\"lazy\" decoding=\"async\" src=\"https:\/\/www.sarscov2-austria.org\/developmentsite\/wp-content\/uploads\/sites\/2\/2021\/07\/map-1536x845.png\" width=\"1536\" height=\"845\" alt=\"\" data-full-image=\"https:\/\/www.sarscov2-austria.org\/developmentsite\/wp-content\/uploads\/sites\/2\/2021\/07\/map.png\" data-light-image=\"https:\/\/www.sarscov2-austria.org\/developmentsite\/wp-content\/uploads\/sites\/2\/2021\/07\/map.png\" data-id=\"804\" class=\"wp-image-804 skip-lazy\" srcset=\"https:\/\/www.sarscov2-austria.org\/cemm\/wp-content\/uploads\/sites\/2\/2021\/07\/map-1536x845.png 1536w, https:\/\/www.sarscov2-austria.org\/cemm\/wp-content\/uploads\/sites\/2\/2021\/07\/map-300x165.png 300w, https:\/\/www.sarscov2-austria.org\/cemm\/wp-content\/uploads\/sites\/2\/2021\/07\/map-1024x564.png 1024w, https:\/\/www.sarscov2-austria.org\/cemm\/wp-content\/uploads\/sites\/2\/2021\/07\/map-768x423.png 768w, https:\/\/www.sarscov2-austria.org\/cemm\/wp-content\/uploads\/sites\/2\/2021\/07\/map.png 1610w\" sizes=\"auto, (max-width: 1536px) 100vw, 1536px\" \/><\/div><\/div><\/figure><\/div><\/div><\/li><li class=\"kb-slide-item kb-gallery-carousel-item splide__slide\"><div class=\"kadence-blocks-gallery-item\"><div class=\"kadence-blocks-gallery-item-inner\"><figure class=\"kb-gallery-figure kadence-blocks-gallery-item-hide-caption\"><div class=\"kb-gal-image-radius\"><div class=\"kb-gallery-image-contain\" ><img loading=\"lazy\" decoding=\"async\" src=\"https:\/\/www.sarscov2-austria.org\/developmentsite\/wp-content\/uploads\/sites\/2\/2021\/07\/tree2-1536x892.png\" width=\"1536\" height=\"892\" alt=\"\" data-full-image=\"https:\/\/www.sarscov2-austria.org\/developmentsite\/wp-content\/uploads\/sites\/2\/2021\/07\/tree2.png\" data-light-image=\"https:\/\/www.sarscov2-austria.org\/developmentsite\/wp-content\/uploads\/sites\/2\/2021\/07\/tree2.png\" data-id=\"806\" class=\"wp-image-806 skip-lazy\" srcset=\"https:\/\/www.sarscov2-austria.org\/cemm\/wp-content\/uploads\/sites\/2\/2021\/07\/tree2-1536x892.png 1536w, https:\/\/www.sarscov2-austria.org\/cemm\/wp-content\/uploads\/sites\/2\/2021\/07\/tree2-300x174.png 300w, https:\/\/www.sarscov2-austria.org\/cemm\/wp-content\/uploads\/sites\/2\/2021\/07\/tree2-1024x595.png 1024w, https:\/\/www.sarscov2-austria.org\/cemm\/wp-content\/uploads\/sites\/2\/2021\/07\/tree2-768x446.png 768w, https:\/\/www.sarscov2-austria.org\/cemm\/wp-content\/uploads\/sites\/2\/2021\/07\/tree2.png 1606w\" sizes=\"auto, (max-width: 1536px) 100vw, 1536px\" \/><\/div><\/div><\/figure><\/div><\/div><\/li><li class=\"kb-slide-item kb-gallery-carousel-item splide__slide\"><div class=\"kadence-blocks-gallery-item\"><div class=\"kadence-blocks-gallery-item-inner\"><figure class=\"kb-gallery-figure kadence-blocks-gallery-item-hide-caption\"><div class=\"kb-gal-image-radius\"><div class=\"kb-gallery-image-contain\" ><img loading=\"lazy\" decoding=\"async\" src=\"https:\/\/www.sarscov2-austria.org\/developmentsite\/wp-content\/uploads\/sites\/2\/2021\/06\/Nextstrain-Austria-Blog_General-audience_screenshot-1-1536x732.png\" width=\"1536\" height=\"732\" alt=\"\" data-full-image=\"https:\/\/www.sarscov2-austria.org\/developmentsite\/wp-content\/uploads\/sites\/2\/2021\/06\/Nextstrain-Austria-Blog_General-audience_screenshot-1.png\" data-light-image=\"https:\/\/www.sarscov2-austria.org\/developmentsite\/wp-content\/uploads\/sites\/2\/2021\/06\/Nextstrain-Austria-Blog_General-audience_screenshot-1.png\" data-id=\"160\" class=\"wp-image-160 skip-lazy\" srcset=\"https:\/\/www.sarscov2-austria.org\/cemm\/wp-content\/uploads\/sites\/2\/2021\/06\/Nextstrain-Austria-Blog_General-audience_screenshot-1-1536x732.png 1536w, https:\/\/www.sarscov2-austria.org\/cemm\/wp-content\/uploads\/sites\/2\/2021\/06\/Nextstrain-Austria-Blog_General-audience_screenshot-1-300x143.png 300w, https:\/\/www.sarscov2-austria.org\/cemm\/wp-content\/uploads\/sites\/2\/2021\/06\/Nextstrain-Austria-Blog_General-audience_screenshot-1-1024x488.png 1024w, https:\/\/www.sarscov2-austria.org\/cemm\/wp-content\/uploads\/sites\/2\/2021\/06\/Nextstrain-Austria-Blog_General-audience_screenshot-1-768x366.png 768w, https:\/\/www.sarscov2-austria.org\/cemm\/wp-content\/uploads\/sites\/2\/2021\/06\/Nextstrain-Austria-Blog_General-audience_screenshot-1-2048x975.png 2048w\" sizes=\"auto, (max-width: 1536px) 100vw, 1536px\" \/><\/div><\/div><\/figure><\/div><\/div><\/li><\/ul><\/div><\/div><\/div><\/div>","protected":false},"excerpt":{"rendered":"<p>\u2013 Credits: \u00a9 B.R. Malhotra \/ CeMM Nextstrain Austria bietet eine interaktive Oberfl\u00e4che f\u00fcr die Darstellung viraler Sequenzen von SARS-CoV-2-F\u00e4llen in \u00d6sterreich im Kontext weltweiter Transmission. Verfolgen Sie die phylogenetischen Beziehungen, Mutationsmuster und m\u00f6gliche Infektionsketten \u00fcber einzelne Infektionsf\u00e4lle und L\u00e4nder &hellip; <a href=\"https:\/\/www.sarscov2-austria.org\/cemm\/de\/nextstrain-austria_at\/\">Continued<\/a><\/p>\n","protected":false},"author":2,"featured_media":0,"parent":0,"menu_order":0,"comment_status":"closed","ping_status":"closed","template":"","meta":{"kt_blocks_editor_width":"","_monsterinsights_skip_tracking":false,"_monsterinsights_sitenote_active":false,"_monsterinsights_sitenote_note":"","_monsterinsights_sitenote_category":0,"footnotes":""},"class_list":["post-158","page","type-page","status-publish","hentry"],"_links":{"self":[{"href":"https:\/\/www.sarscov2-austria.org\/cemm\/wp-json\/wp\/v2\/pages\/158","targetHints":{"allow":["GET"]}}],"collection":[{"href":"https:\/\/www.sarscov2-austria.org\/cemm\/wp-json\/wp\/v2\/pages"}],"about":[{"href":"https:\/\/www.sarscov2-austria.org\/cemm\/wp-json\/wp\/v2\/types\/page"}],"author":[{"embeddable":true,"href":"https:\/\/www.sarscov2-austria.org\/cemm\/wp-json\/wp\/v2\/users\/2"}],"replies":[{"embeddable":true,"href":"https:\/\/www.sarscov2-austria.org\/cemm\/wp-json\/wp\/v2\/comments?post=158"}],"version-history":[{"count":54,"href":"https:\/\/www.sarscov2-austria.org\/cemm\/wp-json\/wp\/v2\/pages\/158\/revisions"}],"predecessor-version":[{"id":980,"href":"https:\/\/www.sarscov2-austria.org\/cemm\/wp-json\/wp\/v2\/pages\/158\/revisions\/980"}],"wp:attachment":[{"href":"https:\/\/www.sarscov2-austria.org\/cemm\/wp-json\/wp\/v2\/media?parent=158"}],"curies":[{"name":"wp","href":"https:\/\/api.w.org\/{rel}","templated":true}]}}