{"id":154,"date":"2021-06-15T12:44:34","date_gmt":"2021-06-15T12:44:34","guid":{"rendered":"http:\/\/www.sarscov2-austria.org\/developmentsite\/?page_id=154"},"modified":"2021-07-20T12:33:40","modified_gmt":"2021-07-20T12:33:40","slug":"publikationen","status":"publish","type":"page","link":"https:\/\/www.sarscov2-austria.org\/cemm\/de\/publikationen\/","title":{"rendered":"CeMM &#8211; Publikationen"},"content":{"rendered":"\n<div class=\"wp-block-cover has-background-dim\" style=\"background-image:url(http:\/\/www.sarscov2-austria.org\/developmentsite\/wp-content\/uploads\/sites\/2\/2021\/06\/Photo_1_SARS-CoV-2-Sequencing_CeMM-scaled.jpg);min-height:250px;aspect-ratio:unset;\"><div class=\"wp-block-cover__inner-container is-layout-flow wp-block-cover-is-layout-flow\">\n<p class=\"has-text-align-center has-large-font-size\"><strong>Publikationen<\/strong><\/p>\n<\/div><\/div>\n\n\n<style>.wp-block-kadence-spacer.kt-block-spacer-_1f9bdc-e2 .kt-block-spacer{height:60px;}.wp-block-kadence-spacer.kt-block-spacer-_1f9bdc-e2 .kt-divider{border-top-width:1px;height:1px;border-top-color:#eee;width:80%;border-top-style:solid;}<\/style>\n<div class=\"wp-block-kadence-spacer aligncenter kt-block-spacer-_1f9bdc-e2\"><div class=\"kt-block-spacer kt-block-spacer-halign-center\" style=\"height:60px\"><hr class=\"kt-divider\" style=\"border-top-color:#eee;border-top-width:1px;width:80%;border-top-style:solid\"\/><\/div><\/div>\n\n\n\n<div class=\"wp-block-media-text has-media-on-the-right is-stacked-on-mobile\" style=\"grid-template-columns:auto 22%\"><figure class=\"wp-block-media-text__media\"><img loading=\"lazy\" decoding=\"async\" width=\"1024\" height=\"768\" src=\"http:\/\/www.sarscov2-austria.org\/developmentsite\/wp-content\/uploads\/sites\/2\/2021\/06\/Artistic-3D-rendering-of-a-T-cell-fighting-with-SARS-CoV-2_biolution-GmbH_CeMM-1024x768.png\" alt=\"\" class=\"wp-image-36\" srcset=\"https:\/\/www.sarscov2-austria.org\/cemm\/wp-content\/uploads\/sites\/2\/2021\/06\/Artistic-3D-rendering-of-a-T-cell-fighting-with-SARS-CoV-2_biolution-GmbH_CeMM-1024x768.png 1024w, https:\/\/www.sarscov2-austria.org\/cemm\/wp-content\/uploads\/sites\/2\/2021\/06\/Artistic-3D-rendering-of-a-T-cell-fighting-with-SARS-CoV-2_biolution-GmbH_CeMM-300x225.png 300w, https:\/\/www.sarscov2-austria.org\/cemm\/wp-content\/uploads\/sites\/2\/2021\/06\/Artistic-3D-rendering-of-a-T-cell-fighting-with-SARS-CoV-2_biolution-GmbH_CeMM-768x576.png 768w, https:\/\/www.sarscov2-austria.org\/cemm\/wp-content\/uploads\/sites\/2\/2021\/06\/Artistic-3D-rendering-of-a-T-cell-fighting-with-SARS-CoV-2_biolution-GmbH_CeMM.png 1440w\" sizes=\"auto, (max-width: 1024px) 100vw, 1024px\" \/><\/figure><div class=\"wp-block-media-text__content\">\n<h3 class=\"wp-block-heading\">Studie in Science Immunology<\/h3>\n\n\n\n<p class=\"has-normal-font-size\">04 March 2021: Finden Sie hier unsere neuesten Resultate \u00fcber <a href=\"https:\/\/immunology.sciencemag.org\/content\/6\/57\/eabg6461\" target=\"_blank\" rel=\"noreferrer noopener\">Mutationen von SARS-CoV-2 innerhalb von MHC-Klasse-I restringierten Epitope und die daraus resultierende reduzierte CD8+ T-Zellen Reaktion<\/a> von <em>Agerer et al.,<\/em> in <strong><em>Science Immunology<\/em><\/strong>.<\/p>\n<\/div><\/div>\n\n\n\n<div class=\"wp-block-media-text has-media-on-the-right is-stacked-on-mobile\" style=\"grid-template-columns:auto 22%\"><figure class=\"wp-block-media-text__media\"><img loading=\"lazy\" decoding=\"async\" width=\"808\" height=\"1024\" src=\"http:\/\/www.sarscov2-austria.org\/developmentsite\/wp-content\/uploads\/sites\/2\/2021\/06\/12573_toc_D1-1616x2048-1-808x1024.jpg\" alt=\"\" class=\"wp-image-230\" srcset=\"https:\/\/www.sarscov2-austria.org\/cemm\/wp-content\/uploads\/sites\/2\/2021\/06\/12573_toc_D1-1616x2048-1-808x1024.jpg 808w, https:\/\/www.sarscov2-austria.org\/cemm\/wp-content\/uploads\/sites\/2\/2021\/06\/12573_toc_D1-1616x2048-1-237x300.jpg 237w, https:\/\/www.sarscov2-austria.org\/cemm\/wp-content\/uploads\/sites\/2\/2021\/06\/12573_toc_D1-1616x2048-1-768x973.jpg 768w, https:\/\/www.sarscov2-austria.org\/cemm\/wp-content\/uploads\/sites\/2\/2021\/06\/12573_toc_D1-1616x2048-1-1212x1536.jpg 1212w, https:\/\/www.sarscov2-austria.org\/cemm\/wp-content\/uploads\/sites\/2\/2021\/06\/12573_toc_D1-1616x2048-1.jpg 1616w\" sizes=\"auto, (max-width: 808px) 100vw, 808px\" \/><\/figure><div class=\"wp-block-media-text__content\">\n<h3 class=\"wp-block-heading\">Studie in Science Translational Medicine <\/h3>\n\n\n\n<p class=\"has-normal-font-size\">23 November 2020: Unsere Studie, von <em>Popa, Genger et al.,<\/em> \u00fcber die <a rel=\"noreferrer noopener\" href=\"https:\/\/stm.sciencemag.org\/content\/early\/2020\/11\/20\/scitranslmed.abe2555\/tab-pdf\" target=\"_blank\">genetisch-epidemiologische Aufschl\u00fcsselung von Superspreader-Ereignissen in \u00d6sterreich und die daraus gewonnen Erkenntnisse \u00fcber Mutationsdynamik und \u00dcbertragungseigenschaften von SARS-CoV-2<\/a> wird in <strong><em>Science Translational Medicine<\/em><\/strong> ver\u00f6ffentlicht.<\/p>\n<\/div><\/div>\n\n\n<style>.wp-block-kadence-spacer.kt-block-spacer-_ca5fdf-eb .kt-block-spacer{height:60px;}.wp-block-kadence-spacer.kt-block-spacer-_ca5fdf-eb .kt-divider{border-top-width:1px;height:1px;border-top-color:#eee;width:80%;border-top-style:solid;}<\/style>\n<div class=\"wp-block-kadence-spacer aligncenter kt-block-spacer-_ca5fdf-eb\"><div class=\"kt-block-spacer kt-block-spacer-halign-center\" style=\"height:60px\"><hr class=\"kt-divider\" style=\"border-top-color:#eee;border-top-width:1px;width:80%;border-top-style:solid\"\/><\/div><\/div>\n\n\n\n<h3 class=\"wp-block-heading\">Publikationsliste<\/h3>\n\n\n<style>.wp-block-kadence-iconlist.kt-svg-icon-list-items_f8b353-41:not(.this-stops-third-party-issues){margin-top:0px;margin-bottom:0px;}.wp-block-kadence-iconlist.kt-svg-icon-list-items_f8b353-41 ul.kt-svg-icon-list:not(.this-prevents-issues):not(.this-stops-third-party-issues):not(.tijsloc){margin-top:0px;margin-right:0px;margin-bottom:var(--global-kb-spacing-sm, 1.5rem);margin-left:0px;}.wp-block-kadence-iconlist.kt-svg-icon-list-items_f8b353-41 ul.kt-svg-icon-list{grid-row-gap:34px;}.wp-block-kadence-iconlist.kt-svg-icon-list-items_f8b353-41 ul.kt-svg-icon-list .kt-svg-icon-list-item-wrap .kt-svg-icon-list-single{margin-right:10px;}.kt-svg-icon-list-items_f8b353-41 ul.kt-svg-icon-list .kt-svg-icon-list-level-0 .kt-svg-icon-list-single svg{font-size:20px;}.kt-svg-icon-list-items_f8b353-41 ul.kt-svg-icon-list .kt-svg-icon-list-level-1 .kt-svg-icon-list-single svg{font-size:20px;}.kt-svg-icon-list-items_f8b353-41 ul.kt-svg-icon-list .kt-svg-icon-list-level-2 .kt-svg-icon-list-single svg{font-size:20px;}.kt-svg-icon-list-items_f8b353-41 ul.kt-svg-icon-list .kt-svg-icon-list-level-3 .kt-svg-icon-list-single svg{font-size:20px;}.kt-svg-icon-list-items_f8b353-41 ul.kt-svg-icon-list .kt-svg-icon-list-level-4 .kt-svg-icon-list-single svg{font-size:20px;}.kt-svg-icon-list-items_f8b353-41 ul.kt-svg-icon-list .kt-svg-icon-list-level-5 .kt-svg-icon-list-single svg{font-size:20px;}.kt-svg-icon-list-items_f8b353-41 ul.kt-svg-icon-list .kt-svg-icon-list-level-6 .kt-svg-icon-list-single svg{font-size:20px;}.kt-svg-icon-list-items_f8b353-41 ul.kt-svg-icon-list .kt-svg-icon-list-level-7 .kt-svg-icon-list-single svg{font-size:20px;}.kt-svg-icon-list-items_f8b353-41 ul.kt-svg-icon-list .kt-svg-icon-list-level-8 .kt-svg-icon-list-single svg{font-size:20px;}.kt-svg-icon-list-items_f8b353-41 ul.kt-svg-icon-list .kt-svg-icon-list-level-9 .kt-svg-icon-list-single svg{font-size:20px;}<\/style>\n<div class=\"wp-block-kadence-iconlist kt-svg-icon-list-items kt-svg-icon-list-items_f8b353-41 kt-svg-icon-list-columns-1 alignnone kt-list-icon-aligntop\"><ul class=\"kt-svg-icon-list\"><li class=\"kt-svg-icon-list-style-default kt-svg-icon-list-item-wrap kt-svg-icon-list-item-0\"><div style=\"display:inline-flex;justify-content:center;align-items:center\" class=\"kt-svg-icon-list-single kt-svg-icon-list-single-fe_bookmark\"><svg style=\"display:inline-block;vertical-align:middle\" viewbox=\"0 0 24 24\" height=\"20\" width=\"20\" fill=\"none\" stroke=\"currentColor\" xmlns=\"http:\/\/www.w3.org\/2000\/svg\" stroke-width=\"2\" stroke-linecap=\"round\" stroke-linejoin=\"round\"><path d=\"M19 21l-7-5-7 5V5a2 2 0 0 1 2-2h10a2 2 0 0 1 2 2z\"><\/path><\/svg><\/div><span class=\"kt-svg-icon-list-text\"><a rel=\"noreferrer noopener\" href=\"https:\/\/pubmed.ncbi.nlm.nih.gov\/33771589\/\" target=\"_blank\">Cutaneous manifestations of\u00a0SARS-CoV-2: A 2-center,\u00a0prospective, case-controlled\u00a0study.<\/a> <em>Unterluggauer L, Pospischil I, Krall C,\u00a0Saluzzo S, Kimeswenger S, Karolyi M,\u00a0Wenisch C, Lamprecht B, Guenova E,\u00a0Winkler S, Viczenczova C,\u00a0Bergthaler A,\u00a0Weninger W, Hoetzenecker W, Stary G.<\/em> <strong><em>J Am Acad Dermatol.<\/em><\/strong> 2021 Jul;85(1):202-204. doi: 10.1016\/j.jaad.2021.03.064. Epub\u00a02021 Mar 23. PMID:\u00a033771589\u00a0Free PMC article.\u00a0<\/span><\/li><li class=\"kt-svg-icon-list-style-default kt-svg-icon-list-item-wrap kt-svg-icon-list-item-1\"><div style=\"display:inline-flex;justify-content:center;align-items:center\" class=\"kt-svg-icon-list-single kt-svg-icon-list-single-fe_bookmark\"><svg style=\"display:inline-block;vertical-align:middle\" viewbox=\"0 0 24 24\" height=\"20\" width=\"20\" fill=\"none\" stroke=\"currentColor\" xmlns=\"http:\/\/www.w3.org\/2000\/svg\" stroke-width=\"2\" stroke-linecap=\"round\" stroke-linejoin=\"round\"><path d=\"M19 21l-7-5-7 5V5a2 2 0 0 1 2-2h10a2 2 0 0 1 2 2z\"><\/path><\/svg><\/div><span class=\"kt-svg-icon-list-text\"><a rel=\"noreferrer noopener\" href=\"https:\/\/www.degruyter.com\/document\/doi\/10.1515\/cclm-2021-0604\/pdf\" target=\"_blank\">The versatility of external quality\u00a0assessment for the surveillance of\u00a0laboratory and\u00a0in vitro\u00a0diagnostic\u00a0performance: SARS-CoV-2 viral\u00a0genome detection in Austria.<\/a><br><em>Buchta C, Camp JV, Jovanovic J, Chiba P,\u00a0Puchhammer-St\u00f6ckl E, Mayerhofer M,\u00a0Plicka H, Lercher A, Popa AM, Endler L,\u00a0Bergthaler A, Huf W, Benka B, Delatour V,\u00a0M\u00fcller MM, Griesmacher A, Aberle SW,\u00a0G\u00f6rzer I.<\/em> <strong><em>Clin Chem Lab Med.<\/em> <\/strong>2021 Jun 29. doi:\u00a010.1515\/cclm-2021-0604. Online ahead of\u00a0print. PMID:\u00a034187131<\/span><\/li><li class=\"kt-svg-icon-list-style-default kt-svg-icon-list-item-wrap kt-svg-icon-list-item-2\"><div style=\"display:inline-flex;justify-content:center;align-items:center\" class=\"kt-svg-icon-list-single kt-svg-icon-list-single-fe_bookmark\"><svg style=\"display:inline-block;vertical-align:middle\" viewbox=\"0 0 24 24\" height=\"20\" width=\"20\" fill=\"none\" stroke=\"currentColor\" xmlns=\"http:\/\/www.w3.org\/2000\/svg\" stroke-width=\"2\" stroke-linecap=\"round\" stroke-linejoin=\"round\"><path d=\"M19 21l-7-5-7 5V5a2 2 0 0 1 2-2h10a2 2 0 0 1 2 2z\"><\/path><\/svg><\/div><span class=\"kt-svg-icon-list-text\"><a rel=\"noreferrer noopener\" href=\"https:\/\/immunology.sciencemag.org\/content\/6\/57\/eabg6461.long\" target=\"_blank\">SARS-CoV-2 mutations in MHC-I-restricted epitopes evade CD8+ T cell responses.<\/a>\u00a0<em>Agerer B*, Koblischke M*, Gudipati V*, Monta\u00f1o-Gutierrez LF, Smyth M, Popa A, Genger JW, Endler L, Florian DM, M\u00fchlgrabner V, Graninger M, Aberle SW, Husa AM, Shaw LE, Lercher A, Gattinger P, Torralba-Gombau R, Trapin D, Penz T, Barreca D, Fae I, Wenda S, Traugott M, Walder G, Pickl WF, Thiel V, Allerberger F, Stockinger H, Puchhammer-St\u00f6ckl E, Weninger W, Fischer G, Hoepler W, Pawelka E, Zoufaly A, Valenta R, Bock C, Paster W, Geyeregger R, Farlik M, Halbritter F, Huppa JB**, Aberle JH**, Bergthaler A**.<\/em> SARS-CoV-2 mutations in MHC-I-restricted epitopes evade CD8<sup>+<\/sup>\u00a0T cell responses.\u00a0<strong><em>Science Immunology<\/em><\/strong>. 2021 Mar 4;6(57):eabg6461. doi: 10.1126\/sciimmunol.abg6461. PMID: 33664060.<\/span><\/li><li class=\"kt-svg-icon-list-style-default kt-svg-icon-list-item-wrap kt-svg-icon-list-item-3\"><div style=\"display:inline-flex;justify-content:center;align-items:center\" class=\"kt-svg-icon-list-single kt-svg-icon-list-single-fe_bookmark\"><svg style=\"display:inline-block;vertical-align:middle\" viewbox=\"0 0 24 24\" height=\"20\" width=\"20\" fill=\"none\" stroke=\"currentColor\" xmlns=\"http:\/\/www.w3.org\/2000\/svg\" stroke-width=\"2\" stroke-linecap=\"round\" stroke-linejoin=\"round\"><path d=\"M19 21l-7-5-7 5V5a2 2 0 0 1 2-2h10a2 2 0 0 1 2 2z\"><\/path><\/svg><\/div><span class=\"kt-svg-icon-list-text\"><a rel=\"noreferrer noopener\" href=\"https:\/\/stm.sciencemag.org\/content\/12\/573\/eabe2555.short\" target=\"_blank\">Genomic epidemiology of superspreading events in\u00a0Austria reveals mutational dynamics and transmission\u00a0properties of SARS-CoV-2.<\/a>\u00a0<em>Popa A*, Genger JW*, Nicholson MD, Penz T, Schmid D, Aberle SW,\u00a0Agerer B, Lercher A, Endler L, Cola\u00e7o H, Smyth M, Schuster M, Grau\u00a0ML, Mart\u00ednez-Jim\u00e9nez F, Pich O, Borena W, Pawelka E, Keszei Z,\u00a0Senekowitsch M, Laine J, Aberle JH, Redlberger-Fritz M, Karolyi M,\u00a0Zoufaly A, Maritschnik S, Borkovec M, Hufnagl P, Nairz M, Weiss G,\u00a0Wolfinger MT, von Laer D, Superti-Furga G, Lopez-Bigas N,\u00a0Puchhammer-St\u00f6ckl E, Allerberger F, Michor F, Bock C,\u00a0Bergthaler A.\u00a0<\/em><strong><em>Science Translational Medicine<\/em><\/strong>. 2020 Dec 9;12(573):eabe2555. doi: 10.1126\/scitranslmed.abe2555. Epub 2020 Nov 23. PMID:\u00a033229462 (<a href=\"http:\/\/www.sarscov2-austria.org\/our-publications\/popa-genger-2020\/\">Supplementary website with data and scripts<\/a>)<\/span><\/li><li class=\"kt-svg-icon-list-style-default kt-svg-icon-list-item-wrap kt-svg-icon-list-item-4\"><div style=\"display:inline-flex;justify-content:center;align-items:center\" class=\"kt-svg-icon-list-single kt-svg-icon-list-single-fe_bookmark\"><svg style=\"display:inline-block;vertical-align:middle\" viewbox=\"0 0 24 24\" height=\"20\" width=\"20\" fill=\"none\" stroke=\"currentColor\" xmlns=\"http:\/\/www.w3.org\/2000\/svg\" stroke-width=\"2\" stroke-linecap=\"round\" stroke-linejoin=\"round\"><path d=\"M19 21l-7-5-7 5V5a2 2 0 0 1 2-2h10a2 2 0 0 1 2 2z\"><\/path><\/svg><\/div><span class=\"kt-svg-icon-list-text\"><a rel=\"noreferrer noopener\" href=\"https:\/\/www.frontiersin.org\/articles\/10.3389\/fmed.2020.592629\/full\" target=\"_blank\">Dynamics of CD4 T Cell and Antibody Responses in\u00a0COVID-19 Patients With Different Disease Severity<\/a>. <em>Koblischke M, Traugott MT, Medits I, Spitzer FS, Zoufaly A,\u00a0Weseslindtner L, Simonitsch C, Seitz T, Hoepler W, Puchhammer-St\u00f6ckl E, Aberle SW, F\u00f6dinger M,\u00a0Bergthaler A, Kundi M, Heinz FX,\u00a0Stiasny K, Aberle JH.<\/em>\u00a0<strong><em>Frontiers in Medicine<\/em><\/strong>. 2020 Nov 11;7:592629. doi:\u00a010.3389\/fmed.2020.592629. eCollection 2020. PMID:\u00a033262993<\/span><\/li><li class=\"kt-svg-icon-list-style-default kt-svg-icon-list-item-wrap kt-svg-icon-list-item-5\"><div style=\"display:inline-flex;justify-content:center;align-items:center\" class=\"kt-svg-icon-list-single kt-svg-icon-list-single-fe_bookmark\"><svg style=\"display:inline-block;vertical-align:middle\" viewbox=\"0 0 24 24\" height=\"20\" width=\"20\" fill=\"none\" stroke=\"currentColor\" xmlns=\"http:\/\/www.w3.org\/2000\/svg\" stroke-width=\"2\" stroke-linecap=\"round\" stroke-linejoin=\"round\"><path d=\"M19 21l-7-5-7 5V5a2 2 0 0 1 2-2h10a2 2 0 0 1 2 2z\"><\/path><\/svg><\/div><span class=\"kt-svg-icon-list-text\"><a href=\"https:\/\/pubmed.ncbi.nlm.nih.gov\/33131609\/\" target=\"_blank\" rel=\"noreferrer noopener\">Human recombinant soluble ACE2 in severe COVID-19.<\/a>\u00a0<em>Zoufaly A, Poglitsch M, Aberle JH, Hoepler W, Seitz T, Traugott M, Grieb A, Pawelka E, Laferl H, Wenisch C, Neuhold S, Haider D, Stiasny K,\u00a0Bergthaler A, Puchhammer-Stoeckl E, Mirazimi A, Montserrat N, Zhang H, Slutsky AS, Penninger JM.<\/em>\u00a0<strong><em>Lancet Respiratory Medicine<\/em><\/strong>. 2020 Nov;8(11):1154-1158. doi: 10.1016\/S2213-2600(20)30418-5. Epub 2020 Sep 24.PMID:\u00a033131609<\/span><\/li><li class=\"kt-svg-icon-list-style-default kt-svg-icon-list-item-wrap kt-svg-icon-list-item-6\"><div style=\"display:inline-flex;justify-content:center;align-items:center\" class=\"kt-svg-icon-list-single kt-svg-icon-list-single-fe_bookmark\"><svg style=\"display:inline-block;vertical-align:middle\" viewbox=\"0 0 24 24\" height=\"20\" width=\"20\" fill=\"none\" stroke=\"currentColor\" xmlns=\"http:\/\/www.w3.org\/2000\/svg\" stroke-width=\"2\" stroke-linecap=\"round\" stroke-linejoin=\"round\"><path d=\"M19 21l-7-5-7 5V5a2 2 0 0 1 2-2h10a2 2 0 0 1 2 2z\"><\/path><\/svg><\/div><span class=\"kt-svg-icon-list-text\"><a href=\"https:\/\/pubmed.ncbi.nlm.nih.gov\/32794443\/\" target=\"_blank\" rel=\"noreferrer noopener\">Geographical and temporal distribution of SARS-CoV-2 clades in the WHO European Region, January to June 2020.<\/a>\u00a0<em>Alm E, Broberg EK, Connor T, Hodcroft EB, Komissarov AB, Maurer-Stroh S, Melidou A, Neher RA, O\u2019Toole \u00c1, Pereyaslov D;<\/em>\u00a0WHO European Region sequencing laboratories and GISAID EpiCoV group.\u00a0<strong><em>Euro Surveillance<\/em><\/strong>. 2020 Aug;25(32):2001410. doi: 10.2807\/1560-7917.ES.2020.25.32.2001410.PMID:\u00a032794443<\/span><\/li><li class=\"kt-svg-icon-list-style-default kt-svg-icon-list-item-wrap kt-svg-icon-list-item-7\"><div style=\"display:inline-flex;justify-content:center;align-items:center\" class=\"kt-svg-icon-list-single kt-svg-icon-list-single-fe_bookmark\"><svg style=\"display:inline-block;vertical-align:middle\" viewbox=\"0 0 24 24\" height=\"20\" width=\"20\" fill=\"none\" stroke=\"currentColor\" xmlns=\"http:\/\/www.w3.org\/2000\/svg\" stroke-width=\"2\" stroke-linecap=\"round\" stroke-linejoin=\"round\"><path d=\"M19 21l-7-5-7 5V5a2 2 0 0 1 2-2h10a2 2 0 0 1 2 2z\"><\/path><\/svg><\/div><span class=\"kt-svg-icon-list-text\"><a href=\"https:\/\/pubmed.ncbi.nlm.nih.gov\/32997739\/\" target=\"_blank\" rel=\"noreferrer noopener\">Severe COVID-19 is associated with elevated serum IgA and antiphospholipid IgA-antibodies.<\/a>\u00a0<em>Hasan Ali O, Bomze D, Risch L, Brugger SD, Paprotny M, Weber M, Thiel S, Kern L, Albrich WC, Kohler P, Kahlert CR, Vernazza P, B\u00fchler PK, Sch\u00fcpbach RA, G\u00f3mez-Mejia A,\u00a0Popa AM, Bergthaler A, Penninger JM, Flatz L.<\/em>\u00a0<strong><em>Clinical Infectious Diseases<\/em><\/strong>. 2020 Sep 30:ciaa1496. doi: 10.1093\/cid\/ciaa1496. Online ahead of print.PMID:\u00a032997739<\/span><\/li><li class=\"kt-svg-icon-list-style-default kt-svg-icon-list-item-wrap kt-svg-icon-list-item-8\"><div style=\"display:inline-flex;justify-content:center;align-items:center\" class=\"kt-svg-icon-list-single kt-svg-icon-list-single-fe_bookmark\"><svg style=\"display:inline-block;vertical-align:middle\" viewbox=\"0 0 24 24\" height=\"20\" width=\"20\" fill=\"none\" stroke=\"currentColor\" xmlns=\"http:\/\/www.w3.org\/2000\/svg\" stroke-width=\"2\" stroke-linecap=\"round\" stroke-linejoin=\"round\"><path d=\"M19 21l-7-5-7 5V5a2 2 0 0 1 2-2h10a2 2 0 0 1 2 2z\"><\/path><\/svg><\/div><span class=\"kt-svg-icon-list-text\"><a href=\"https:\/\/pubmed.ncbi.nlm.nih.gov\/32816114\/\" target=\"_blank\" rel=\"noreferrer noopener\">Emergence of coronavirus disease 2019 (COVID-19) in Austria.<\/a>\u00a0<em>Kreidl P, Schmid D, Maritschnik S, Richter L, Borena W,\u00a0Genger JW, Popa A, Penz T, Bock C, Bergthaler A, Allerberger F.<\/em>\u00a0<strong><em>Wiener Klinische Wochenschrift<\/em><\/strong>. 2020 Aug 20:1-8. doi: 10.1007\/s00508-020-01723-9. PMID:\u00a032816114<\/span><\/li><li class=\"kt-svg-icon-list-style-default kt-svg-icon-list-item-wrap kt-svg-icon-list-item-9\"><div style=\"display:inline-flex;justify-content:center;align-items:center\" class=\"kt-svg-icon-list-single kt-svg-icon-list-single-fe_bookmark\"><svg style=\"display:inline-block;vertical-align:middle\" viewbox=\"0 0 24 24\" height=\"20\" width=\"20\" fill=\"none\" stroke=\"currentColor\" xmlns=\"http:\/\/www.w3.org\/2000\/svg\" stroke-width=\"2\" stroke-linecap=\"round\" stroke-linejoin=\"round\"><path d=\"M19 21l-7-5-7 5V5a2 2 0 0 1 2-2h10a2 2 0 0 1 2 2z\"><\/path><\/svg><\/div><span class=\"kt-svg-icon-list-text\"><a rel=\"noreferrer noopener\" href=\"https:\/\/www.biorxiv.org\/content\/10.1101\/2020.07.15.204339v1\" target=\"_blank\">Mutational dynamics and transmission properties of SARS-CoV-2 superspreading events in Austria.<\/a>\u00a0<em>Popa A*,\u00a0Genger JW*,\u00a0Nicholson M,\u00a0Penz T,\u00a0Schmid S,\u00a0Aberle SW,\u00a0Agerer B,\u00a0Lercher A,\u00a0Endler L,\u00a0Cola\u00e7o H,\u00a0Smyth M,\u00a0Schuster M,\u00a0Grau M,\u00a0Martinez,\u00a0Pich O,\u00a0Borena W,\u00a0Pawelka E,\u00a0Keszei Z,\u00a0Senekowitsch M,\u00a0Laine J,\u00a0Aberle JH,\u00a0Redlberger-Fritz M,\u00a0Karolyi M,\u00a0Zoufaly A,\u00a0Maritschnik S,\u00a0Borkovec M,\u00a0Hufnagl P,\u00a0Nairz M,\u00a0Weiss G,\u00a0Wolfinger MT,\u00a0von Laer D,\u00a0Superti-Furga G,\u00a0Lopez-Bigas N,\u00a0Puchhammer-St\u00f6ckl E,\u00a0Allerberger F,\u00a0Michor F,\u00a0Bock C,\u00a0Bergthaler A<\/em>.2020 Jul.\u00a0<strong><em>bioRxiv<\/em><\/strong>\u00a0(https:\/\/doi.org\/10.1101\/2020.07.15.204339)<\/span><\/li><\/ul><\/div>\n\n\n<style>.wp-block-kadence-spacer.kt-block-spacer-_b7b1f9-a3 .kt-block-spacer{height:60px;}.wp-block-kadence-spacer.kt-block-spacer-_b7b1f9-a3 .kt-divider{border-top-width:1px;height:1px;border-top-color:#eee;width:80%;border-top-style:solid;}<\/style>\n<div class=\"wp-block-kadence-spacer aligncenter kt-block-spacer-_b7b1f9-a3\"><div class=\"kt-block-spacer kt-block-spacer-halign-center\" style=\"height:60px\"><hr class=\"kt-divider\" style=\"border-top-color:#eee;border-top-width:1px;width:80%;border-top-style:solid\"\/><\/div><\/div>\n","protected":false},"excerpt":{"rendered":"<p>Studie in Science Immunology 04 March 2021: Finden Sie hier unsere neuesten Resultate \u00fcber Mutationen von SARS-CoV-2 innerhalb von MHC-Klasse-I restringierten Epitope und die daraus resultierende reduzierte CD8+ T-Zellen Reaktion von Agerer et al., in Science Immunology. Studie in Science &hellip; <a href=\"https:\/\/www.sarscov2-austria.org\/cemm\/de\/publikationen\/\">Continued<\/a><\/p>\n","protected":false},"author":2,"featured_media":0,"parent":0,"menu_order":0,"comment_status":"closed","ping_status":"closed","template":"","meta":{"kt_blocks_editor_width":"","_monsterinsights_skip_tracking":false,"_monsterinsights_sitenote_active":false,"_monsterinsights_sitenote_note":"","_monsterinsights_sitenote_category":0,"footnotes":""},"class_list":["post-154","page","type-page","status-publish","hentry"],"_links":{"self":[{"href":"https:\/\/www.sarscov2-austria.org\/cemm\/wp-json\/wp\/v2\/pages\/154","targetHints":{"allow":["GET"]}}],"collection":[{"href":"https:\/\/www.sarscov2-austria.org\/cemm\/wp-json\/wp\/v2\/pages"}],"about":[{"href":"https:\/\/www.sarscov2-austria.org\/cemm\/wp-json\/wp\/v2\/types\/page"}],"author":[{"embeddable":true,"href":"https:\/\/www.sarscov2-austria.org\/cemm\/wp-json\/wp\/v2\/users\/2"}],"replies":[{"embeddable":true,"href":"https:\/\/www.sarscov2-austria.org\/cemm\/wp-json\/wp\/v2\/comments?post=154"}],"version-history":[{"count":16,"href":"https:\/\/www.sarscov2-austria.org\/cemm\/wp-json\/wp\/v2\/pages\/154\/revisions"}],"predecessor-version":[{"id":916,"href":"https:\/\/www.sarscov2-austria.org\/cemm\/wp-json\/wp\/v2\/pages\/154\/revisions\/916"}],"wp:attachment":[{"href":"https:\/\/www.sarscov2-austria.org\/cemm\/wp-json\/wp\/v2\/media?parent=154"}],"curies":[{"name":"wp","href":"https:\/\/api.w.org\/{rel}","templated":true}]}}