{"id":151,"date":"2021-06-15T12:43:59","date_gmt":"2021-06-15T12:43:59","guid":{"rendered":"http:\/\/www.sarscov2-austria.org\/developmentsite\/?page_id=151"},"modified":"2021-07-09T15:18:58","modified_gmt":"2021-07-09T15:18:58","slug":"narrative","status":"publish","type":"page","link":"https:\/\/www.sarscov2-austria.org\/cemm\/de\/narrative\/","title":{"rendered":"CeMM &#8211; SARS-CoV-2 Narrative"},"content":{"rendered":"\n<div class=\"wp-block-cover has-background-dim\" style=\"background-image:url(http:\/\/www.sarscov2-austria.org\/developmentsite\/wp-content\/uploads\/sites\/2\/2021\/06\/Illustration_3_Viron-and-Phylogeny-SARS-CoV-2-at-site-S-614-D614G_Bobby-R.-Malhotra_CeMM-scaled.jpg);min-height:250px;aspect-ratio:unset;\"><div class=\"wp-block-cover__inner-container is-layout-flow wp-block-cover-is-layout-flow\">\n<p class=\"has-text-align-center has-large-font-size\"><strong>SARS-CoV-2 Narrative<\/strong><\/p>\n<\/div><\/div>\n\n\n<style>.wp-block-kadence-spacer.kt-block-spacer-_1b3d5b-a2 .kt-block-spacer{height:60px;}.wp-block-kadence-spacer.kt-block-spacer-_1b3d5b-a2 .kt-divider{border-top-width:1px;height:1px;border-top-color:#eee;width:80%;border-top-style:solid;}<\/style>\n<div class=\"wp-block-kadence-spacer aligncenter kt-block-spacer-_1b3d5b-a2\"><div class=\"kt-block-spacer kt-block-spacer-halign-center\" style=\"height:60px\"><hr class=\"kt-divider\" style=\"border-top-color:#eee;border-top-width:1px;width:80%;border-top-style:solid\"\/><\/div><\/div>\n\n\n\n<p>Die SARS-CoV-2 Narrative bieten auf kurze und pr\u00e4gnante Weise interessante Einblicke, was uns das Virusgenom \u00fcber die Pandemie verraten kann. Diese daten-basierten Kurzgeschichten erkunden echte, von CeMM und unseren Kooperationspartner generierte Daten des Genoms von SARS-CoV-2. \u00a0Mithilfe eines interaktiven Designs und erkl\u00e4renden Texten, f\u00fchren die Narrative durch verschiedene Fragestellungen rund um SARS-CoV-2 in \u00d6sterreich.<\/p>\n\n\n<style>.wp-block-kadence-spacer.kt-block-spacer-_72bb56-af .kt-block-spacer{height:60px;}.wp-block-kadence-spacer.kt-block-spacer-_72bb56-af .kt-divider{border-top-width:1px;height:1px;border-top-color:#eee;width:80%;border-top-style:solid;}<\/style>\n<div class=\"wp-block-kadence-spacer aligncenter kt-block-spacer-_72bb56-af\"><div class=\"kt-block-spacer kt-block-spacer-halign-center\" style=\"height:60px\"><hr class=\"kt-divider\" style=\"border-top-color:#eee;border-top-width:1px;width:80%;border-top-style:solid\"\/><\/div><\/div>\n\n\n\n<h5 class=\"has-text-align-center wp-block-heading\">Folgen Sie den Links zu den SARS-CoV-2 Narrative<\/h5>\n\n\n\n<div style=\"height:45px\" aria-hidden=\"true\" class=\"wp-block-spacer\"><\/div>\n\n\n\n<div class=\"wp-block-columns is-layout-flex wp-container-core-columns-is-layout-9d6595d7 wp-block-columns-is-layout-flex\">\n<div class=\"wp-block-column is-layout-flow wp-block-column-is-layout-flow\"><\/div>\n\n\n\n<div class=\"wp-block-column is-vertically-aligned-top is-layout-flow wp-block-column-is-layout-flow\"><style>.wp-block-kadence-iconlist.kt-svg-icon-list-items_d8a236-79:not(.this-stops-third-party-issues){margin-top:0px;margin-bottom:0px;}.wp-block-kadence-iconlist.kt-svg-icon-list-items_d8a236-79 ul.kt-svg-icon-list:not(.this-prevents-issues):not(.this-stops-third-party-issues):not(.tijsloc){margin-top:0px;margin-right:0px;margin-bottom:var(--global-kb-spacing-sm, 1.5rem);margin-left:0px;}.wp-block-kadence-iconlist.kt-svg-icon-list-items_d8a236-79 ul.kt-svg-icon-list{grid-row-gap:30px;}.wp-block-kadence-iconlist.kt-svg-icon-list-items_d8a236-79 ul.kt-svg-icon-list .kt-svg-icon-list-item-wrap .kt-svg-icon-list-single{margin-right:10px;}.kt-svg-icon-list-items_d8a236-79 ul.kt-svg-icon-list .kt-svg-icon-list-level-0 .kt-svg-icon-list-single svg{font-size:20px;}.kt-svg-icon-list-items_d8a236-79 ul.kt-svg-icon-list .kt-svg-icon-list-level-1 .kt-svg-icon-list-single svg{font-size:20px;}.kt-svg-icon-list-items_d8a236-79 ul.kt-svg-icon-list .kt-svg-icon-list-level-2 .kt-svg-icon-list-single svg{font-size:20px;}<\/style>\n<div class=\"wp-block-kadence-iconlist kt-svg-icon-list-items kt-svg-icon-list-items_d8a236-79 kt-svg-icon-list-columns-1 alignnone kt-list-icon-aligntop\"><ul class=\"kt-svg-icon-list\"><li class=\"kt-svg-icon-list-style-default kt-svg-icon-list-item-wrap kt-svg-icon-list-item-0\"><div style=\"display:inline-flex;justify-content:center;align-items:center\" class=\"kt-svg-icon-list-single kt-svg-icon-list-single-fe_bookOpen\"><svg style=\"display:inline-block;vertical-align:middle\" viewbox=\"0 0 24 24\" height=\"20\" width=\"20\" fill=\"none\" stroke=\"currentColor\" xmlns=\"http:\/\/www.w3.org\/2000\/svg\" stroke-width=\"2\" stroke-linecap=\"round\" stroke-linejoin=\"round\"><path d=\"M2 3h6a4 4 0 0 1 4 4v14a3 3 0 0 0-3-3H2z\"><\/path><path d=\"M22 3h-6a4 4 0 0 0-4 4v14a3 3 0 0 1 3-3h7z\"><\/path><\/svg><\/div><span class=\"kt-svg-icon-list-text\"><a href=\"https:\/\/nextstrain.org\/community\/narratives\/bergthalerlab\/SARSCoV2\/Generalaudience1\/de\">Sequenzierung von \u00f6sterreichischen SARS-CoV-2-Genomen<\/a><\/span><\/li><li class=\"kt-svg-icon-list-style-default kt-svg-icon-list-item-wrap kt-svg-icon-list-item-1\"><div style=\"display:inline-flex;justify-content:center;align-items:center\" class=\"kt-svg-icon-list-single kt-svg-icon-list-single-fe_bookOpen\"><svg style=\"display:inline-block;vertical-align:middle\" viewbox=\"0 0 24 24\" height=\"20\" width=\"20\" fill=\"none\" stroke=\"currentColor\" xmlns=\"http:\/\/www.w3.org\/2000\/svg\" stroke-width=\"2\" stroke-linecap=\"round\" stroke-linejoin=\"round\"><path d=\"M2 3h6a4 4 0 0 1 4 4v14a3 3 0 0 0-3-3H2z\"><\/path><path d=\"M22 3h-6a4 4 0 0 0-4 4v14a3 3 0 0 1 3-3h7z\"><\/path><\/svg><\/div><span class=\"kt-svg-icon-list-text\"><a href=\"https:\/\/nextstrain.org\/community\/narratives\/bergthalerlab\/SARSCoV2\/Generalaudience2\/de\">Mutationen im Genom des SARS-CoV-2-Coronavirus<\/a><\/span><\/li><li class=\"kt-svg-icon-list-style-default kt-svg-icon-list-item-wrap kt-svg-icon-list-item-2\"><div style=\"display:inline-flex;justify-content:center;align-items:center\" class=\"kt-svg-icon-list-single kt-svg-icon-list-single-fe_bookOpen\"><svg style=\"display:inline-block;vertical-align:middle\" viewbox=\"0 0 24 24\" height=\"20\" width=\"20\" fill=\"none\" stroke=\"currentColor\" xmlns=\"http:\/\/www.w3.org\/2000\/svg\" stroke-width=\"2\" stroke-linecap=\"round\" stroke-linejoin=\"round\"><path d=\"M2 3h6a4 4 0 0 1 4 4v14a3 3 0 0 0-3-3H2z\"><\/path><path d=\"M22 3h-6a4 4 0 0 0-4 4v14a3 3 0 0 1 3-3h7z\"><\/path><\/svg><\/div><span class=\"kt-svg-icon-list-text\"><a href=\"https:\/\/nextstrain.org\/community\/narratives\/bergthalerlab\/SARSCoV2\/Generalaudience3\/de\">Virale Deep Sequencing und Contact Tracing gehen Hand in Hand<\/a><\/span><\/li><\/ul><\/div>\n<\/div>\n\n\n\n<div class=\"wp-block-column is-layout-flow wp-block-column-is-layout-flow\"><\/div>\n<\/div>\n\n\n\n<div class=\"wp-block-image\"><figure class=\"aligncenter size-large\"><img loading=\"lazy\" decoding=\"async\" width=\"1024\" height=\"640\" src=\"http:\/\/www.sarscov2-austria.org\/developmentsite\/wp-content\/uploads\/sites\/2\/2021\/06\/Illustration_2_Phylogeny-and-Transmission-SARS-CoV-2-at-site-S-614-D614G_Bobby-R.-Malhotra_CeMM-1024x640-1.jpg\" alt=\"\" class=\"wp-image-98\" srcset=\"https:\/\/www.sarscov2-austria.org\/cemm\/wp-content\/uploads\/sites\/2\/2021\/06\/Illustration_2_Phylogeny-and-Transmission-SARS-CoV-2-at-site-S-614-D614G_Bobby-R.-Malhotra_CeMM-1024x640-1.jpg 1024w, https:\/\/www.sarscov2-austria.org\/cemm\/wp-content\/uploads\/sites\/2\/2021\/06\/Illustration_2_Phylogeny-and-Transmission-SARS-CoV-2-at-site-S-614-D614G_Bobby-R.-Malhotra_CeMM-1024x640-1-300x188.jpg 300w, https:\/\/www.sarscov2-austria.org\/cemm\/wp-content\/uploads\/sites\/2\/2021\/06\/Illustration_2_Phylogeny-and-Transmission-SARS-CoV-2-at-site-S-614-D614G_Bobby-R.-Malhotra_CeMM-1024x640-1-768x480.jpg 768w, https:\/\/www.sarscov2-austria.org\/cemm\/wp-content\/uploads\/sites\/2\/2021\/06\/Illustration_2_Phylogeny-and-Transmission-SARS-CoV-2-at-site-S-614-D614G_Bobby-R.-Malhotra_CeMM-1024x640-1-80x50.jpg 80w\" sizes=\"auto, (max-width: 1024px) 100vw, 1024px\" \/><\/figure><\/div>\n\n\n\n<p class=\"has-text-align-center has-small-font-size\">&#8211;<em><em> Credits: \u00a9 B.R. Malhotra \/ CeMM<\/em><\/em><\/p>\n","protected":false},"excerpt":{"rendered":"<p>Die SARS-CoV-2 Narrative bieten auf kurze und pr\u00e4gnante Weise interessante Einblicke, was uns das Virusgenom \u00fcber die Pandemie verraten kann. Diese daten-basierten Kurzgeschichten erkunden echte, von CeMM und unseren Kooperationspartner generierte Daten des Genoms von SARS-CoV-2. \u00a0Mithilfe eines interaktiven Designs &hellip; <a href=\"https:\/\/www.sarscov2-austria.org\/cemm\/de\/narrative\/\">Continued<\/a><\/p>\n","protected":false},"author":2,"featured_media":0,"parent":0,"menu_order":0,"comment_status":"closed","ping_status":"closed","template":"","meta":{"kt_blocks_editor_width":"","_monsterinsights_skip_tracking":false,"_monsterinsights_sitenote_active":false,"_monsterinsights_sitenote_note":"","_monsterinsights_sitenote_category":0,"footnotes":""},"class_list":["post-151","page","type-page","status-publish","hentry"],"_links":{"self":[{"href":"https:\/\/www.sarscov2-austria.org\/cemm\/wp-json\/wp\/v2\/pages\/151","targetHints":{"allow":["GET"]}}],"collection":[{"href":"https:\/\/www.sarscov2-austria.org\/cemm\/wp-json\/wp\/v2\/pages"}],"about":[{"href":"https:\/\/www.sarscov2-austria.org\/cemm\/wp-json\/wp\/v2\/types\/page"}],"author":[{"embeddable":true,"href":"https:\/\/www.sarscov2-austria.org\/cemm\/wp-json\/wp\/v2\/users\/2"}],"replies":[{"embeddable":true,"href":"https:\/\/www.sarscov2-austria.org\/cemm\/wp-json\/wp\/v2\/comments?post=151"}],"version-history":[{"count":8,"href":"https:\/\/www.sarscov2-austria.org\/cemm\/wp-json\/wp\/v2\/pages\/151\/revisions"}],"predecessor-version":[{"id":642,"href":"https:\/\/www.sarscov2-austria.org\/cemm\/wp-json\/wp\/v2\/pages\/151\/revisions\/642"}],"wp:attachment":[{"href":"https:\/\/www.sarscov2-austria.org\/cemm\/wp-json\/wp\/v2\/media?parent=151"}],"curies":[{"name":"wp","href":"https:\/\/api.w.org\/{rel}","templated":true}]}}