{"id":108,"date":"2021-06-15T12:09:36","date_gmt":"2021-06-15T12:09:36","guid":{"rendered":"http:\/\/www.sarscov2-austria.org\/developmentsite\/?page_id=108"},"modified":"2021-07-09T15:18:58","modified_gmt":"2021-07-09T15:18:58","slug":"privacy-policy","status":"publish","type":"page","link":"https:\/\/www.sarscov2-austria.org\/cemm\/de\/privacy-policy\/","title":{"rendered":"Privacy Policy"},"content":{"rendered":"\n<h1 class=\"has-text-align-center wp-block-heading\"><strong>Impressum \/ Legal notice<\/strong><\/h1>\n\n\n\n<p class=\"has-text-align-center\">Informationspflicht und Offenlegung f\u00fcr die Website http:\/\/www.sarscov2-austria.org<\/p>\n\n\n<style>.wp-block-kadence-spacer.kt-block-spacer-_d62a07-64 .kt-block-spacer{height:60px;}.wp-block-kadence-spacer.kt-block-spacer-_d62a07-64 .kt-divider{border-top-width:1px;height:1px;border-top-color:#eee;width:80%;border-top-style:solid;}<\/style>\n<div class=\"wp-block-kadence-spacer aligncenter kt-block-spacer-_d62a07-64\"><div class=\"kt-block-spacer kt-block-spacer-halign-center\" style=\"height:60px\"><hr class=\"kt-divider\" style=\"border-top-color:#eee;border-top-width:1px;width:80%;border-top-style:solid\"\/><\/div><\/div>\n\n\n\n<h3 class=\"has-text-align-center wp-block-heading\"><strong>Medieninhaber \/ Herausgeber<\/strong><\/h3>\n\n\n\n<p class=\"has-text-align-center\">CeMM&nbsp; Forschungszentrum f\u00fcr Molekulare Medizin GmbH<br>der \u00d6sterreichischen Akademie der Wissenschaften<br>Lazarettgasse 14, AKH BT 25.3<br>1090 Wien<br>Austria<\/p>\n\n\n\n<p class=\"has-text-align-center\">Telefon: +43-1\/40160-70011<br>Fax: +43-1\/40160-970 000<\/p>\n\n\n\n<p class=\"has-text-align-center\">E-Mail:\u00a0<a href=\"mailto:office@cemm.oeaw.ac.at\">office@cemm.oeaw.ac.at<\/a><\/p>\n\n\n\n<p class=\"has-text-align-center\"><a rel=\"noreferrer noopener\" href=\"http:\/\/www.cemm.at\/\" target=\"_blank\">www.cemm.at<\/a><\/p>\n\n\n<style>.wp-block-kadence-spacer.kt-block-spacer-_831ad5-f2 .kt-block-spacer{height:60px;}.wp-block-kadence-spacer.kt-block-spacer-_831ad5-f2 .kt-divider{border-top-width:1px;height:1px;border-top-color:#eee;width:80%;border-top-style:solid;}<\/style>\n<div class=\"wp-block-kadence-spacer aligncenter kt-block-spacer-_831ad5-f2\"><div class=\"kt-block-spacer kt-block-spacer-halign-center\" style=\"height:60px\"><hr class=\"kt-divider\" style=\"border-top-color:#eee;border-top-width:1px;width:80%;border-top-style:solid\"\/><\/div><\/div>\n\n\n\n<h3 class=\"has-text-align-center wp-block-heading\"><strong>Grundlegegen Richtung der Website<\/strong><\/h3>\n\n\n\n<p>Diese Website informiert \u00fcber die wissenschaftlichen Arbeit \u00fcber das SARS CoV-2 Virus des CeMM Forschungszentrum f\u00fcr Molekulare Medizin GmbH der \u00d6sterreichischen Akademie der Wissenschaften. Sie dient <strong>NICHT <\/strong>der Erteilung medizinischer Ratschl\u00e4ge. Bitten wenden Sie sich an Ihren Arzt f\u00fcr Fragen zu Ihrer Gesundheit.<\/p>\n\n\n\n<p><em>This website provides scientific information about research related to the pandemic SARS-CoV-2 virus. This research project is coordinated by the CeMM Research Center for Molecular Medicine of the Austrian Academy of Sciences. We do <strong>NOT <\/strong>offer medical advice of any sort. Please contact your respective physician for any disease-relating questions.<\/em><\/p>\n\n\n<style>.wp-block-kadence-spacer.kt-block-spacer-_4aee8e-cb .kt-block-spacer{height:60px;}.wp-block-kadence-spacer.kt-block-spacer-_4aee8e-cb .kt-divider{border-top-width:1px;height:1px;border-top-color:#eee;width:80%;border-top-style:solid;}<\/style>\n<div class=\"wp-block-kadence-spacer aligncenter kt-block-spacer-_4aee8e-cb\"><div class=\"kt-block-spacer kt-block-spacer-halign-center\" style=\"height:60px\"><hr class=\"kt-divider\" style=\"border-top-color:#eee;border-top-width:1px;width:80%;border-top-style:solid\"\/><\/div><\/div>\n\n\n\n<h3 class=\"has-text-align-center wp-block-heading\"><strong>Urheberrecht<\/strong><\/h3>\n\n\n\n<p>S\u00e4mtliche Bilder, Grafiken und Videos sind urheberrechtlich gesch\u00fctzt. Jede Verwendung oder Vervielf\u00e4ltigung bedarf der ausdr\u00fccklichen Zustimmung des CeMM Forschungszentrums f\u00fcr Molekulare Medizin der \u00d6sterreichischen Akademie der Wissenschaften.<\/p>\n\n\n<style>.wp-block-kadence-spacer.kt-block-spacer-_74f5c0-6d .kt-block-spacer{height:60px;}.wp-block-kadence-spacer.kt-block-spacer-_74f5c0-6d .kt-divider{border-top-width:1px;height:1px;border-top-color:#eee;width:80%;border-top-style:solid;}<\/style>\n<div class=\"wp-block-kadence-spacer aligncenter kt-block-spacer-_74f5c0-6d\"><div class=\"kt-block-spacer kt-block-spacer-halign-center\" style=\"height:60px\"><hr class=\"kt-divider\" style=\"border-top-color:#eee;border-top-width:1px;width:80%;border-top-style:solid\"\/><\/div><\/div>\n\n\n\n<h3 class=\"has-text-align-center wp-block-heading\"><strong>Haftung<\/strong><\/h3>\n\n\n\n<p>Die Inhalte der Website werden mit gr\u00f6\u00dfter Sorgfalt erstellt. Das CeMM Forschungszentrum f\u00fcr Molekulare Medizin der \u00d6sterreichischen Akademie der Wissenschaften kann aber keine Gew\u00e4hr f\u00fcr die Richtigkeit, Vollst\u00e4ndigkeit und Aktualit\u00e4t der Beitr\u00e4ge \u00fcbernehmen. Eine Haftung des CeMM Forschungszentrums f\u00fcr Molekulare Medizin der \u00d6sterreichischen Akademie der Wissenschaften ist ausgeschlossen.<\/p>\n\n\n<style>.wp-block-kadence-spacer.kt-block-spacer-_c329d0-7a .kt-block-spacer{height:60px;}.wp-block-kadence-spacer.kt-block-spacer-_c329d0-7a .kt-divider{border-top-width:1px;height:1px;border-top-color:#eee;width:80%;border-top-style:solid;}<\/style>\n<div class=\"wp-block-kadence-spacer aligncenter kt-block-spacer-_c329d0-7a\"><div class=\"kt-block-spacer kt-block-spacer-halign-center\" style=\"height:60px\"><hr class=\"kt-divider\" style=\"border-top-color:#eee;border-top-width:1px;width:80%;border-top-style:solid\"\/><\/div><\/div>\n\n\n\n<h3 class=\"has-text-align-center wp-block-heading\"><strong>Links<\/strong><\/h3>\n\n\n\n<p>Links auf fremde Internetseiten wurden sorgf\u00e4ltig \u00fcberpr\u00fcft. Eine Haftung f\u00fcr Inhalte fremder Websites ist ausgeschlossen.<\/p>\n\n\n<style>.wp-block-kadence-spacer.kt-block-spacer-_8486c4-0d .kt-block-spacer{height:60px;}.wp-block-kadence-spacer.kt-block-spacer-_8486c4-0d .kt-divider{border-top-width:1px;height:1px;border-top-color:#eee;width:80%;border-top-style:solid;}<\/style>\n<div class=\"wp-block-kadence-spacer aligncenter kt-block-spacer-_8486c4-0d\"><div class=\"kt-block-spacer kt-block-spacer-halign-center\" style=\"height:60px\"><hr class=\"kt-divider\" style=\"border-top-color:#eee;border-top-width:1px;width:80%;border-top-style:solid\"\/><\/div><\/div>\n\n\n\n<h3 class=\"has-text-align-center wp-block-heading\"><strong>Google Analytics<\/strong><\/h3>\n\n\n\n<p>Diese Website benutzt Google Analytics, einen Webanalysedienst der Google Inc. (\u201eGoogle\u201c). Auch Google Analytics verwendet Cookies. Die durch den Google Analytics-Cookie erzeugten Informationen \u00fcber Ihre Benutzung dieser Website werden in der Regel an einen Server von Google in den USA \u00fcbertragen und dort gespeichert.<\/p>\n\n\n\n<p>Durch die Aktivierung der IP-Anonymisierung auf dieser Website, wird Ihre IP-Adresse von Google jedoch innerhalb von Mitgliedstaaten der Europ\u00e4ischen Union oder in anderen Vertragsstaaten des Abkommens \u00fcber den Europ\u00e4ischen Wirtschaftsraum zuvor gek\u00fcrzt. Nur in Ausnahmef\u00e4llen wird die volle IP-Adresse an einen Server von Google in den USA \u00fcbertragen und dort gek\u00fcrzt. Im Auftrag des Betreibers dieser Website wird Google diese Informationen benutzen, um Ihre Nutzung der Website auszuwerten, um Reports \u00fcber die Websiteaktivit\u00e4ten zusammenzustellen und um weitere mit der Websitenutzung und der Internetnutzung verbundene Dienstleistungen gegen\u00fcber dem Websitebetreiber zu erbringen. Die im Rahmen von Google Analytics von Ihrem Browser \u00fcbermittelte IP-Adresse wird nicht mit anderen Daten von Google zusammengef\u00fchrt.<\/p>\n\n\n\n<p>Sie k\u00f6nnen die Speicherung der Cookies durch eine entsprechende Einstellung Ihrer Browser-Software verhindern; wir weisen Sie jedoch darauf hin, dass Sie in diesem Fall gegebenenfalls nicht s\u00e4mtliche Funktionen dieser Website vollumf\u00e4nglich werden nutzen k\u00f6nnen. Sie k\u00f6nnen dar\u00fcber hinaus die Erfassung der durch das Cookie erzeugten und auf Ihre Nutzung der Website bezogenen Daten (inkl. Ihrer IP-Adresse) an Google sowie die Verarbeitung dieser Daten durch Google verhindern, indem sie das unter dem folgenden Link verf\u00fcgbare Browser-Plugin herunterladen und installieren:&nbsp;<a href=\"http:\/\/tools.google.com\/dlpage\/gaoptout?hl=de\" target=\"_blank\" rel=\"noreferrer noopener\">tools.google.com\/dlpage\/gaoptout<\/a><\/p>\n\n\n\n<p>Diese Website nutzt die Analytics Funktionen f\u00fcr Google Analytics-Berichte zur Leistung nach demografischen Merkmalen und Interessen. Sie k\u00f6nnen Google Analytics f\u00fcr Display-Werbung deaktivieren und die Anzeigen im Google Display Netzwerk anpassen, indem Sie die Anzeigeneinstellungen unter diesem Link aufrufen:&nbsp;<a href=\"https:\/\/www.google.de\/settings\/ads\" target=\"_blank\" rel=\"noreferrer noopener\">www.google.de\/settings\/ads<\/a>.<\/p>\n\n\n<style>.wp-block-kadence-spacer.kt-block-spacer-_9a9456-04 .kt-block-spacer{height:60px;}.wp-block-kadence-spacer.kt-block-spacer-_9a9456-04 .kt-divider{border-top-width:1px;height:1px;border-top-color:#eee;width:80%;border-top-style:solid;}<\/style>\n<div class=\"wp-block-kadence-spacer aligncenter kt-block-spacer-_9a9456-04\"><div class=\"kt-block-spacer kt-block-spacer-halign-center\" style=\"height:60px\"><hr class=\"kt-divider\" style=\"border-top-color:#eee;border-top-width:1px;width:80%;border-top-style:solid\"\/><\/div><\/div>\n\n\n\n<h3 class=\"has-text-align-center wp-block-heading\"><strong>Kontaktanfragen \/ Kontaktm\u00f6glichkeit<\/strong><\/h3>\n\n\n\n<p>Sofern Sie per Kontaktformular oder E-Mail mit uns in Kontakt treten, werden die dabei von Ihnen angegebenen Daten zur Bearbeitung Ihrer Anfrage genutzt. Die Angabe der Daten ist zur Bearbeitung und Beantwortung Ihre Anfrage erforderlich &#8211; ohne deren Bereitstellung k\u00f6nnen wir Ihre Anfrage nicht oder allenfalls eingeschr\u00e4nkt beantworten. Ihre Daten werden gel\u00f6scht, sofern Ihre Anfrage abschlie\u00dfend beantwortet worden ist und der L\u00f6schung keine gesetzlichen Aufbewahrungspflichten entgegenstehen<\/p>\n\n\n<style>.wp-block-kadence-spacer.kt-block-spacer-_6b89ea-a5 .kt-block-spacer{height:60px;}.wp-block-kadence-spacer.kt-block-spacer-_6b89ea-a5 .kt-divider{border-top-width:1px;height:1px;border-top-color:#eee;width:80%;border-top-style:solid;}<\/style>\n<div class=\"wp-block-kadence-spacer aligncenter kt-block-spacer-_6b89ea-a5\"><div class=\"kt-block-spacer kt-block-spacer-halign-center\" style=\"height:60px\"><hr class=\"kt-divider\" style=\"border-top-color:#eee;border-top-width:1px;width:80%;border-top-style:solid\"\/><\/div><\/div>\n\n\n\n<h3 class=\"has-text-align-center wp-block-heading\"><strong>Eingebettete Inhalte von anderen Websites<\/strong><\/h3>\n\n\n\n<p>Artikel auf dieser Website k\u00f6nnen eingebetteten Inhalt enthalten (z. B. Videos, Bilder, Artikel usw.). Eingebettete Inhalte von anderen Websites verhalten sich genauso, als h\u00e4tte der Besucher die andere Website besucht. Diese Websites sammeln m\u00f6glicherweise Daten \u00fcber Sie, verwenden Cookies, binden zus\u00e4tzliches Tracking von Drittanbietern ein und \u00fcberwachen Ihre Interaktion mit diesen eingebetteten Inhalten, einschlie\u00dflich der Verfolgung Ihrer Interaktion mit den eingebetteten Inhalten, wenn Sie \u00fcber ein Konto verf\u00fcgen und auf dieser Website angemeldet sind.<\/p>\n\n\n<style>.wp-block-kadence-spacer.kt-block-spacer-_43013a-a1 .kt-block-spacer{height:60px;}.wp-block-kadence-spacer.kt-block-spacer-_43013a-a1 .kt-divider{border-top-width:1px;height:1px;border-top-color:#eee;width:80%;border-top-style:solid;}<\/style>\n<div class=\"wp-block-kadence-spacer aligncenter kt-block-spacer-_43013a-a1\"><div class=\"kt-block-spacer kt-block-spacer-halign-center\" style=\"height:60px\"><hr class=\"kt-divider\" style=\"border-top-color:#eee;border-top-width:1px;width:80%;border-top-style:solid\"\/><\/div><\/div>\n\n\n\n<h3 class=\"has-text-align-center wp-block-heading\"><strong>Konzeption und Inhalt<\/strong><\/h3>\n\n\n\n<p><strong>F\u00fcr Inhalt verantwortlich:<\/strong> Dr. Andreas Bergthaler<\/p>\n\n\n\n<p><strong>Redaktionsteam:<\/strong> Andreas Bergthaler, Anna Schedl, Henrique Colaco, Jakob-Wendelin Genger, Zsofia Keszei<\/p>\n","protected":false},"excerpt":{"rendered":"<p>Impressum \/ Legal notice Informationspflicht und Offenlegung f\u00fcr die Website http:\/\/www.sarscov2-austria.org Medieninhaber \/ Herausgeber CeMM&nbsp; Forschungszentrum f\u00fcr Molekulare Medizin GmbHder \u00d6sterreichischen Akademie der WissenschaftenLazarettgasse 14, AKH BT 25.31090 WienAustria Telefon: +43-1\/40160-70011Fax: +43-1\/40160-970 000 E-Mail:\u00a0office@cemm.oeaw.ac.at www.cemm.at Grundlegegen Richtung der Website Diese &hellip; <a href=\"https:\/\/www.sarscov2-austria.org\/cemm\/de\/privacy-policy\/\">Continued<\/a><\/p>\n","protected":false},"author":2,"featured_media":0,"parent":0,"menu_order":0,"comment_status":"closed","ping_status":"closed","template":"","meta":{"kt_blocks_editor_width":"","_monsterinsights_skip_tracking":false,"_monsterinsights_sitenote_active":false,"_monsterinsights_sitenote_note":"","_monsterinsights_sitenote_category":0,"footnotes":""},"class_list":["post-108","page","type-page","status-publish","hentry"],"_links":{"self":[{"href":"https:\/\/www.sarscov2-austria.org\/cemm\/wp-json\/wp\/v2\/pages\/108","targetHints":{"allow":["GET"]}}],"collection":[{"href":"https:\/\/www.sarscov2-austria.org\/cemm\/wp-json\/wp\/v2\/pages"}],"about":[{"href":"https:\/\/www.sarscov2-austria.org\/cemm\/wp-json\/wp\/v2\/types\/page"}],"author":[{"embeddable":true,"href":"https:\/\/www.sarscov2-austria.org\/cemm\/wp-json\/wp\/v2\/users\/2"}],"replies":[{"embeddable":true,"href":"https:\/\/www.sarscov2-austria.org\/cemm\/wp-json\/wp\/v2\/comments?post=108"}],"version-history":[{"count":18,"href":"https:\/\/www.sarscov2-austria.org\/cemm\/wp-json\/wp\/v2\/pages\/108\/revisions"}],"predecessor-version":[{"id":877,"href":"https:\/\/www.sarscov2-austria.org\/cemm\/wp-json\/wp\/v2\/pages\/108\/revisions\/877"}],"wp:attachment":[{"href":"https:\/\/www.sarscov2-austria.org\/cemm\/wp-json\/wp\/v2\/media?parent=108"}],"curies":[{"name":"wp","href":"https:\/\/api.w.org\/{rel}","templated":true}]}}